{"id":32,"date":"2022-04-25T16:11:57","date_gmt":"2022-04-25T16:11:57","guid":{"rendered":"https:\/\/summumviajes.com\/?page_id=32"},"modified":"2024-07-05T09:23:13","modified_gmt":"2024-07-05T09:23:13","slug":"quienes-somos","status":"publish","type":"page","link":"https:\/\/summumtravel.es\/index.php\/quienes-somos\/","title":{"rendered":"Qui\u00e9nes somos"},"content":{"rendered":"\t\t<div data-elementor-type=\"wp-page\" data-elementor-id=\"32\" class=\"elementor elementor-32\">\n\t\t\t\t\t\t\t\t\t<section class=\"elementor-section elementor-top-section elementor-element elementor-element-e8153ff elementor-section-boxed elementor-section-height-default elementor-section-height-default\" data-id=\"e8153ff\" data-element_type=\"section\">\n\t\t\t\t\t\t<div class=\"elementor-container elementor-column-gap-default\">\n\t\t\t\t\t<div class=\"elementor-column elementor-col-100 elementor-top-column elementor-element elementor-element-d5c75ce\" data-id=\"d5c75ce\" data-element_type=\"column\">\n\t\t\t<div class=\"elementor-widget-wrap elementor-element-populated\">\n\t\t\t\t\t\t\t\t<div class=\"elementor-element elementor-element-ba8607b elementor-widget elementor-widget-heading\" data-id=\"ba8607b\" data-element_type=\"widget\" data-widget_type=\"heading.default\">\n\t\t\t\t<div class=\"elementor-widget-container\">\n\t\t\t<style>\/*! elementor - v3.6.7 - 03-07-2022 *\/\n.elementor-heading-title{padding:0;margin:0;line-height:1}.elementor-widget-heading .elementor-heading-title[class*=elementor-size-]>a{color:inherit;font-size:inherit;line-height:inherit}.elementor-widget-heading .elementor-heading-title.elementor-size-small{font-size:15px}.elementor-widget-heading .elementor-heading-title.elementor-size-medium{font-size:19px}.elementor-widget-heading .elementor-heading-title.elementor-size-large{font-size:29px}.elementor-widget-heading .elementor-heading-title.elementor-size-xl{font-size:39px}.elementor-widget-heading .elementor-heading-title.elementor-size-xxl{font-size:59px}<\/style><h2 class=\"elementor-heading-title elementor-size-default\">\u00bfQui\u00e9nes somos?<\/h2>\t\t<\/div>\n\t\t\t\t<\/div>\n\t\t\t\t\t<\/div>\n\t\t<\/div>\n\t\t\t\t\t\t\t<\/div>\n\t\t<\/section>\n\t\t\t\t<section class=\"elementor-section elementor-top-section elementor-element elementor-element-184848f elementor-section-full_width elementor-section-height-default elementor-section-height-default\" data-id=\"184848f\" data-element_type=\"section\">\n\t\t\t\t\t\t<div class=\"elementor-container elementor-column-gap-default\">\n\t\t\t\t\t<div class=\"elementor-column elementor-col-33 elementor-top-column elementor-element elementor-element-839245b\" data-id=\"839245b\" data-element_type=\"column\">\n\t\t\t<div class=\"elementor-widget-wrap elementor-element-populated\">\n\t\t\t\t\t\t\t\t<div class=\"elementor-element elementor-element-06d2f76 elementor-widget elementor-widget-image\" data-id=\"06d2f76\" data-element_type=\"widget\" data-widget_type=\"image.default\">\n\t\t\t\t<div class=\"elementor-widget-container\">\n\t\t\t<style>\/*! elementor - v3.6.7 - 03-07-2022 *\/\n.elementor-widget-image{text-align:center}.elementor-widget-image a{display:inline-block}.elementor-widget-image a img[src$=\".svg\"]{width:48px}.elementor-widget-image img{vertical-align:middle;display:inline-block}<\/style>\t\t\t\t\t\t\t\t\t\t\t\t<img width=\"600\" height=\"800\" src=\"https:\/\/summumtravel.es\/wp-content\/uploads\/2022\/09\/MARIAN-FOTO-WEB.jpg\" class=\"attachment-large size-large\" alt=\"Marian Garcia Summum Travel\" loading=\"lazy\" srcset=\"https:\/\/summumtravel.es\/wp-content\/uploads\/2022\/09\/MARIAN-FOTO-WEB.jpg 600w, https:\/\/summumtravel.es\/wp-content\/uploads\/2022\/09\/MARIAN-FOTO-WEB-225x300.jpg 225w\" sizes=\"(max-width: 600px) 100vw, 600px\" \/>\t\t\t\t\t\t\t\t\t\t\t\t\t\t\t<\/div>\n\t\t\t\t<\/div>\n\t\t\t\t\t<\/div>\n\t\t<\/div>\n\t\t\t\t<div class=\"elementor-column elementor-col-66 elementor-top-column elementor-element elementor-element-c14d1eb\" data-id=\"c14d1eb\" data-element_type=\"column\">\n\t\t\t<div class=\"elementor-widget-wrap elementor-element-populated\">\n\t\t\t\t\t\t\t\t<div class=\"elementor-element elementor-element-2dfc8a5 elementor-widget elementor-widget-text-editor\" data-id=\"2dfc8a5\" data-element_type=\"widget\" data-widget_type=\"text-editor.default\">\n\t\t\t\t<div class=\"elementor-widget-container\">\n\t\t\t<style>\/*! elementor - v3.6.7 - 03-07-2022 *\/\n.elementor-widget-text-editor.elementor-drop-cap-view-stacked .elementor-drop-cap{background-color:#818a91;color:#fff}.elementor-widget-text-editor.elementor-drop-cap-view-framed .elementor-drop-cap{color:#818a91;border:3px solid;background-color:transparent}.elementor-widget-text-editor:not(.elementor-drop-cap-view-default) .elementor-drop-cap{margin-top:8px}.elementor-widget-text-editor:not(.elementor-drop-cap-view-default) .elementor-drop-cap-letter{width:1em;height:1em}.elementor-widget-text-editor .elementor-drop-cap{float:left;text-align:center;line-height:1;font-size:50px}.elementor-widget-text-editor .elementor-drop-cap-letter{display:inline-block}<\/style>\t\t\t\t<p align=\"left\"><span style=\"font-family: Calibri, serif;\">Marian Garc\u00eda Sanz comenz\u00f3 en el mundo de los viajes en 1992.<\/span><\/p><p align=\"left\"><span style=\"font-family: Calibri, serif;\">Durante m\u00e1s 30 a\u00f1os se ha dedicado a recorrer el mundo y a confeccionar viajes a medida para sus clientes a lo largo y ancho del planeta. <\/span><\/p><p align=\"left\"><span style=\"font-family: Calibri, serif;\">Con una amplia experiencia en agencias de viaje y un sinf\u00edn de experiencias que nos han permitido conocer mundo, hemos creado un espacio que permitir\u00e1 a nuestros viajeros hacer realidad sus sue\u00f1os con un ingrediente que solamente se puede transmitir desde la vocaci\u00f3n: PASI\u00d3N<\/span><\/p><p align=\"left\"><span style=\"font-family: Calibri, serif;\">Nuestra visi\u00f3n y nuestra misi\u00f3n no es otra que dar forma a las necesidades de nuestros clientes a la hora de planificar sus viajes, poniendo a su alcance un servicio de asesoramiento profesional, herramientas tecnol\u00f3gicas, experiencia y honestidad.<\/span><\/p><p align=\"left\"><span style=\"font-family: Calibri, serif;\">La filosof\u00eda de Summum Travel est\u00e1 basada en dos pilares:<\/span><\/p><ul><li><p align=\"left\"><span style=\"font-family: Calibri, serif;\"><b>Turismo Sostenible<\/b>\u00a0para que las generaciones futuras puedan seguir disfrutando de las maravillas de nuestro planeta promoviendo el equilibrio entre las necesidades y los deseos de las personas y la conservaci\u00f3n a largo plazo del entorno y los recursos.<\/span><\/p><\/li><li><p align=\"left\"><span style=\"font-family: Calibri, serif;\"><b>Turismo Responsable\u00a0<\/b>fomentando en nuestros viajeros un<b>\u00a0<\/b>compromiso con el entorno con la gente local de los pa\u00edses que visitamos, con su cultura y con el medio ambiente.\u00a0<\/span><\/p><\/li><\/ul>\t\t\t\t\t\t<\/div>\n\t\t\t\t<\/div>\n\t\t\t\t\t<\/div>\n\t\t<\/div>\n\t\t\t\t\t\t\t<\/div>\n\t\t<\/section>\n\t\t\t\t<section class=\"elementor-section elementor-top-section elementor-element elementor-element-e6c710e elementor-section-full_width elementor-section-height-default elementor-section-height-default\" data-id=\"e6c710e\" data-element_type=\"section\">\n\t\t\t\t\t\t<div class=\"elementor-container elementor-column-gap-default\">\n\t\t\t\t\t<div class=\"elementor-column elementor-col-33 elementor-top-column elementor-element elementor-element-82d6ceb\" data-id=\"82d6ceb\" data-element_type=\"column\">\n\t\t\t<div class=\"elementor-widget-wrap elementor-element-populated\">\n\t\t\t\t\t\t\t\t<div class=\"elementor-element elementor-element-0538bac elementor-widget elementor-widget-image\" data-id=\"0538bac\" data-element_type=\"widget\" data-widget_type=\"image.default\">\n\t\t\t\t<div class=\"elementor-widget-container\">\n\t\t\t\t\t\t\t\t\t\t\t\t\t\t\t<img width=\"768\" height=\"1024\" src=\"https:\/\/summumtravel.es\/wp-content\/uploads\/2024\/07\/SUMMUM-TRAVEL-MARTA-VIDAOR-768x1024.jpg\" class=\"attachment-large size-large\" alt=\"\" loading=\"lazy\" srcset=\"https:\/\/summumtravel.es\/wp-content\/uploads\/2024\/07\/SUMMUM-TRAVEL-MARTA-VIDAOR-768x1024.jpg 768w, https:\/\/summumtravel.es\/wp-content\/uploads\/2024\/07\/SUMMUM-TRAVEL-MARTA-VIDAOR-225x300.jpg 225w, https:\/\/summumtravel.es\/wp-content\/uploads\/2024\/07\/SUMMUM-TRAVEL-MARTA-VIDAOR.jpg 1080w\" sizes=\"(max-width: 768px) 100vw, 768px\" \/>\t\t\t\t\t\t\t\t\t\t\t\t\t\t\t<\/div>\n\t\t\t\t<\/div>\n\t\t\t\t\t<\/div>\n\t\t<\/div>\n\t\t\t\t<div class=\"elementor-column elementor-col-66 elementor-top-column elementor-element elementor-element-0f8f9b1\" data-id=\"0f8f9b1\" data-element_type=\"column\">\n\t\t\t<div class=\"elementor-widget-wrap elementor-element-populated\">\n\t\t\t\t\t\t\t\t<div class=\"elementor-element elementor-element-b1370f7 elementor-widget elementor-widget-text-editor\" data-id=\"b1370f7\" data-element_type=\"widget\" data-widget_type=\"text-editor.default\">\n\t\t\t\t<div class=\"elementor-widget-container\">\n\t\t\t\t\t\t\t<p>Marta Vidaor es una gran apasionada de los viajes desde ni\u00f1a.<\/p><p>Su amor por Viajar y descubrir nuevas experiencias lo ha llevado siempre en la sangre y, de la mano de I\u00f1aki Vidaor, viajero infatigable, su padre y mentor ha llevado siempre una m\u00e1xima:<\/p><p><em><strong>&#8220;Mi trabajo es vender ilusiones, convertir sue\u00f1os en realidad&#8221;<\/strong><\/em><\/p><p>Durante a\u00f1os ha acompa\u00f1ado a cientos de clientes desde Gipuzkoa a todo el mundo, viajando a pa\u00edses como <strong>Argentina, Chile, Cuba, Per\u00fa, Brasil, Egipto, M\u00e9xico, Kenya, Tanzania, Etiopia, Uzbekist\u00e1n, Vietnam, Camboya, Laos, Thailandia, Indonesia, Myanmar, Singapur, Jap\u00f3n&#8230;<\/strong><\/p><p>La incorporaci\u00f3n de Marta al equipo de Summum Travel tiene como objetivo seguir dise\u00f1ando viajes a medida y acompa\u00f1ando a nuestros clientes por todos los rincones del mundo e invitar a todos los viajeros a unirse a nuestros grupos y expediciones acompa\u00f1ados desde aqu\u00ed para descubrir juntos un sinf\u00edn de nuevos destinos, culturas y experiencias.<\/p><p><em>Te invitamos a descubrir el mundo con nuestros viajes organizados por Summum Travel en grupos reducidos de la mano de nuestros especialistas.<\/em><\/p>\t\t\t\t\t\t<\/div>\n\t\t\t\t<\/div>\n\t\t\t\t\t<\/div>\n\t\t<\/div>\n\t\t\t\t\t\t\t<\/div>\n\t\t<\/section>\n\t\t\t\t<section class=\"elementor-section elementor-top-section elementor-element elementor-element-c19609a elementor-section-boxed elementor-section-height-default elementor-section-height-default\" data-id=\"c19609a\" data-element_type=\"section\">\n\t\t\t\t\t\t<div class=\"elementor-container elementor-column-gap-default\">\n\t\t\t\t\t<div class=\"elementor-column elementor-col-100 elementor-top-column elementor-element elementor-element-c35d4b0\" data-id=\"c35d4b0\" data-element_type=\"column\">\n\t\t\t<div class=\"elementor-widget-wrap\">\n\t\t\t\t\t\t\t\t\t<\/div>\n\t\t<\/div>\n\t\t\t\t\t\t\t<\/div>\n\t\t<\/section>\n\t\t\t\t\t\t\t<\/div>\n\t\t","protected":false},"excerpt":{"rendered":"<p>\u00bfQui\u00e9nes somos? Marian Garc\u00eda Sanz comenz\u00f3 en el mundo de los viajes en 1992. Durante m\u00e1s 30 a\u00f1os se ha dedicado a recorrer el mundo y a confeccionar viajes a<\/p>\n<p class=\"more-link\"><a href=\"https:\/\/summumtravel.es\/index.php\/quienes-somos\/\" class=\"readmore\">Continue reading<svg class=\"icon icon-arrow-right\" aria-hidden=\"true\" role=\"img\"> <use href=\"#icon-arrow-right\" xlink:href=\"#icon-arrow-right\"><\/use> <\/svg><span class=\"screen-reader-text\">Qui\u00e9nes somos<\/span><\/a><\/p>\n","protected":false},"author":1,"featured_media":0,"parent":0,"menu_order":0,"comment_status":"closed","ping_status":"closed","template":"","meta":[],"yoast_head":"<!-- This site is optimized with the Yoast SEO plugin v18.8-RC4 - https:\/\/yoast.com\/wordpress\/plugins\/seo\/ -->\n<title>Qui\u00e9nes somos - Summum Travel<\/title>\n<meta name=\"description\" content=\"Summum Travel. Agencia de viajes. Agentes experiencia y confianza. Dise\u00f1amos tu viaje. Grupos acompa\u00f1ados.\" \/>\n<meta name=\"robots\" content=\"index, follow, max-snippet:-1, max-image-preview:large, max-video-preview:-1\" \/>\n<link rel=\"canonical\" href=\"https:\/\/summumtravel.es\/index.php\/quienes-somos\/\" \/>\n<meta property=\"og:locale\" content=\"en_US\" \/>\n<meta property=\"og:type\" content=\"article\" \/>\n<meta property=\"og:title\" content=\"Qui\u00e9nes somos - Summum Travel\" \/>\n<meta property=\"og:description\" content=\"Summum Travel. Agencia de viajes. Agentes experiencia y confianza. Dise\u00f1amos tu viaje. Grupos acompa\u00f1ados.\" \/>\n<meta property=\"og:url\" content=\"https:\/\/summumtravel.es\/index.php\/quienes-somos\/\" \/>\n<meta property=\"og:site_name\" content=\"Summum Travel\" \/>\n<meta property=\"article:modified_time\" content=\"2024-07-05T09:23:13+00:00\" \/>\n<meta property=\"og:image\" content=\"https:\/\/summumtravel.es\/wp-content\/uploads\/2022\/09\/MARIAN-FOTO-WEB.jpg\" \/>\n<meta name=\"twitter:card\" content=\"summary_large_image\" \/>\n<meta name=\"twitter:label1\" content=\"Est. reading time\" \/>\n\t<meta name=\"twitter:data1\" content=\"3 minutes\" \/>\n<script type=\"application\/ld+json\" class=\"yoast-schema-graph\">{\"@context\":\"https:\/\/schema.org\",\"@graph\":[{\"@type\":\"WebSite\",\"@id\":\"https:\/\/summumtravel.es\/#website\",\"url\":\"https:\/\/summumtravel.es\/\",\"name\":\"Summum Travel\",\"description\":\"Sue\u00f1os Inolvidables, Experiencias Irrepetibles\",\"potentialAction\":[{\"@type\":\"SearchAction\",\"target\":{\"@type\":\"EntryPoint\",\"urlTemplate\":\"https:\/\/summumtravel.es\/?s={search_term_string}\"},\"query-input\":\"required name=search_term_string\"}],\"inLanguage\":\"en-US\"},{\"@type\":\"ImageObject\",\"inLanguage\":\"en-US\",\"@id\":\"https:\/\/summumtravel.es\/index.php\/quienes-somos\/#primaryimage\",\"url\":\"https:\/\/summumtravel.es\/wp-content\/uploads\/2022\/09\/MARIAN-FOTO-WEB.jpg\",\"contentUrl\":\"https:\/\/summumtravel.es\/wp-content\/uploads\/2022\/09\/MARIAN-FOTO-WEB.jpg\",\"width\":600,\"height\":800,\"caption\":\"Marian Garcia Summum Travel\"},{\"@type\":\"WebPage\",\"@id\":\"https:\/\/summumtravel.es\/index.php\/quienes-somos\/#webpage\",\"url\":\"https:\/\/summumtravel.es\/index.php\/quienes-somos\/\",\"name\":\"Qui\u00e9nes somos - Summum Travel\",\"isPartOf\":{\"@id\":\"https:\/\/summumtravel.es\/#website\"},\"primaryImageOfPage\":{\"@id\":\"https:\/\/summumtravel.es\/index.php\/quienes-somos\/#primaryimage\"},\"datePublished\":\"2022-04-25T16:11:57+00:00\",\"dateModified\":\"2024-07-05T09:23:13+00:00\",\"description\":\"Summum Travel. Agencia de viajes. Agentes experiencia y confianza. Dise\u00f1amos tu viaje. Grupos acompa\u00f1ados.\",\"breadcrumb\":{\"@id\":\"https:\/\/summumtravel.es\/index.php\/quienes-somos\/#breadcrumb\"},\"inLanguage\":\"en-US\",\"potentialAction\":[{\"@type\":\"ReadAction\",\"target\":[\"https:\/\/summumtravel.es\/index.php\/quienes-somos\/\"]}]},{\"@type\":\"BreadcrumbList\",\"@id\":\"https:\/\/summumtravel.es\/index.php\/quienes-somos\/#breadcrumb\",\"itemListElement\":[{\"@type\":\"ListItem\",\"position\":1,\"name\":\"Home\",\"item\":\"https:\/\/summumtravel.es\/\"},{\"@type\":\"ListItem\",\"position\":2,\"name\":\"Qui\u00e9nes somos\"}]}]}<\/script>\n<!-- \/ Yoast SEO plugin. -->","yoast_head_json":{"title":"Qui\u00e9nes somos - Summum Travel","description":"Summum Travel. Agencia de viajes. Agentes experiencia y confianza. Dise\u00f1amos tu viaje. Grupos acompa\u00f1ados.","robots":{"index":"index","follow":"follow","max-snippet":"max-snippet:-1","max-image-preview":"max-image-preview:large","max-video-preview":"max-video-preview:-1"},"canonical":"https:\/\/summumtravel.es\/index.php\/quienes-somos\/","og_locale":"en_US","og_type":"article","og_title":"Qui\u00e9nes somos - Summum Travel","og_description":"Summum Travel. Agencia de viajes. Agentes experiencia y confianza. Dise\u00f1amos tu viaje. Grupos acompa\u00f1ados.","og_url":"https:\/\/summumtravel.es\/index.php\/quienes-somos\/","og_site_name":"Summum Travel","article_modified_time":"2024-07-05T09:23:13+00:00","og_image":[{"url":"https:\/\/summumtravel.es\/wp-content\/uploads\/2022\/09\/MARIAN-FOTO-WEB.jpg"}],"twitter_card":"summary_large_image","twitter_misc":{"Est. reading time":"3 minutes"},"schema":{"@context":"https:\/\/schema.org","@graph":[{"@type":"WebSite","@id":"https:\/\/summumtravel.es\/#website","url":"https:\/\/summumtravel.es\/","name":"Summum Travel","description":"Sue\u00f1os Inolvidables, Experiencias Irrepetibles","potentialAction":[{"@type":"SearchAction","target":{"@type":"EntryPoint","urlTemplate":"https:\/\/summumtravel.es\/?s={search_term_string}"},"query-input":"required name=search_term_string"}],"inLanguage":"en-US"},{"@type":"ImageObject","inLanguage":"en-US","@id":"https:\/\/summumtravel.es\/index.php\/quienes-somos\/#primaryimage","url":"https:\/\/summumtravel.es\/wp-content\/uploads\/2022\/09\/MARIAN-FOTO-WEB.jpg","contentUrl":"https:\/\/summumtravel.es\/wp-content\/uploads\/2022\/09\/MARIAN-FOTO-WEB.jpg","width":600,"height":800,"caption":"Marian Garcia Summum Travel"},{"@type":"WebPage","@id":"https:\/\/summumtravel.es\/index.php\/quienes-somos\/#webpage","url":"https:\/\/summumtravel.es\/index.php\/quienes-somos\/","name":"Qui\u00e9nes somos - Summum Travel","isPartOf":{"@id":"https:\/\/summumtravel.es\/#website"},"primaryImageOfPage":{"@id":"https:\/\/summumtravel.es\/index.php\/quienes-somos\/#primaryimage"},"datePublished":"2022-04-25T16:11:57+00:00","dateModified":"2024-07-05T09:23:13+00:00","description":"Summum Travel. Agencia de viajes. Agentes experiencia y confianza. Dise\u00f1amos tu viaje. Grupos acompa\u00f1ados.","breadcrumb":{"@id":"https:\/\/summumtravel.es\/index.php\/quienes-somos\/#breadcrumb"},"inLanguage":"en-US","potentialAction":[{"@type":"ReadAction","target":["https:\/\/summumtravel.es\/index.php\/quienes-somos\/"]}]},{"@type":"BreadcrumbList","@id":"https:\/\/summumtravel.es\/index.php\/quienes-somos\/#breadcrumb","itemListElement":[{"@type":"ListItem","position":1,"name":"Home","item":"https:\/\/summumtravel.es\/"},{"@type":"ListItem","position":2,"name":"Qui\u00e9nes somos"}]}]}},"_links":{"self":[{"href":"https:\/\/summumtravel.es\/index.php\/wp-json\/wp\/v2\/pages\/32"}],"collection":[{"href":"https:\/\/summumtravel.es\/index.php\/wp-json\/wp\/v2\/pages"}],"about":[{"href":"https:\/\/summumtravel.es\/index.php\/wp-json\/wp\/v2\/types\/page"}],"author":[{"embeddable":true,"href":"https:\/\/summumtravel.es\/index.php\/wp-json\/wp\/v2\/users\/1"}],"replies":[{"embeddable":true,"href":"https:\/\/summumtravel.es\/index.php\/wp-json\/wp\/v2\/comments?post=32"}],"version-history":[{"count":36,"href":"https:\/\/summumtravel.es\/index.php\/wp-json\/wp\/v2\/pages\/32\/revisions"}],"predecessor-version":[{"id":917,"href":"https:\/\/summumtravel.es\/index.php\/wp-json\/wp\/v2\/pages\/32\/revisions\/917"}],"wp:attachment":[{"href":"https:\/\/summumtravel.es\/index.php\/wp-json\/wp\/v2\/media?parent=32"}],"curies":[{"name":"wp","href":"https:\/\/api.w.org\/{rel}","templated":true}]}}